{"id":322,"date":"2022-03-17T23:22:30","date_gmt":"2022-03-18T03:22:30","guid":{"rendered":"http:\/\/smartliving.joeyai.cloud\/about\/"},"modified":"2023-08-03T01:34:58","modified_gmt":"2023-08-03T05:34:58","slug":"a-propos","status":"publish","type":"page","link":"http:\/\/smartliving.joeyai.cloud\/fr\/a-propos\/","title":{"rendered":"\u00c0 propos"},"content":{"rendered":"\n<div class=\"row g-0\">\n<div class=\"col col-12 col-md-7\">\n<figure class=\"wp-block-image size-large\"><img decoding=\"async\" src=\"http:\/\/smartliving.joeyai.cloud\/wp-content\/uploads\/2022\/07\/master-plan.jpg\" alt=\"\"\/><\/figure>\n<\/div>\n\n\n\n<div class=\"col col-content pt-5 pe-0 col-12 col-md-5\">\n<h1 class=\"wp-block-heading mt-4 pr-md-0 ps-md-4\">PLANIFI\u00c9ES<\/h1>\n\n\n\n<p class=\"pt-0 pt-md-4 pr-md-0 ps-md-4\">Notre approche holistique lors du d\u00e9veloppement de nos communaut\u00e9s int\u00e8gre naturellement l\u2019art et la culture, les commerces et les exp\u00e9riences de vie pour cr\u00e9er des quartiers urbains authentiques.<\/p>\n<\/div>\n<\/div>\n\n\n\n<div class=\"row g-0\">\n<div class=\"col col-12 col-md-7 position-relative order-md-1 pt-5 pt-md-0\">\n<figure class=\"wp-block-image size-large\"><img decoding=\"async\" src=\"http:\/\/smartliving.joeyai.cloud\/wp-content\/uploads\/2022\/07\/amenity-rich.jpg\" alt=\"\"\/><\/figure>\n<\/div>\n\n\n\n<div class=\"col col-content pt-5 order-md-0 pb-md-5 ps-0 col-12 col-md-5 pe-4\">\n<h1 class=\"wp-block-heading mt-4 pr-md-0 pb-lg-4\">RICHES EN<br>COMMODIT\u00c9S<\/h1>\n\n\n\n<p class=\"pr-md-0 pb-lg-5\">Les communaut\u00e9s SmartLiving sont con\u00e7ues dans le but d\u2019am\u00e9liorer la qualit\u00e9 de vie des r\u00e9sidents gr\u00e2ce \u00e0 des installations appr\u00e9ci\u00e9es de tous.<\/p>\n<\/div>\n<\/div>\n\n\n\n<div class=\"card\">\n<div class=\"card-header\">\n<h3 class=\"wp-block-heading my-0\">NOS VALEURS<\/h3>\n<\/div>\n\n\n\n<div class=\"card-body\">\n<p>Nous offrons une vie urbaine sans compromis, car c\u2019est ce que les Canadiens m\u00e9ritent. Cela se traduit par des logements modernes \u00e0 l\u2019architecture prim\u00e9e, une gamme compl\u00e8te d\u2019installations et un emplacement \u00e0 quelques pas de parcs, de magasins et de lieux de rencontre. Forts de plus de 30 ans d\u2019exp\u00e9rience, nous vous offrons \u00ab un mode de vie sens\u00e9 \u00bb.<\/p>\n<\/div>\n<\/div>\n\n\n\n<div class=\"row about-box a-top\">\n<div class=\"col col-12 col-md-6\">\n<div class=\"row\">\n<div class=\"col col-11 col-sm-6\">\n<figure class=\"wp-block-image size-full\"><img loading=\"lazy\" decoding=\"async\" width=\"597\" height=\"900\" src=\"http:\/\/smartliving.joeyai.cloud\/wp-content\/uploads\/2022\/04\/AM5_8227.jpg\" alt=\"\" class=\"wp-image-153\" srcset=\"http:\/\/smartliving.joeyai.cloud\/wp-content\/uploads\/2022\/04\/AM5_8227.jpg 597w, http:\/\/smartliving.joeyai.cloud\/wp-content\/uploads\/2022\/04\/AM5_8227-199x300.jpg 199w\" sizes=\"auto, (max-width: 597px) 100vw, 597px\" \/><\/figure>\n<\/div>\n\n\n\n<div class=\"col col-12 col-sm-6 d-flex align-items-end\">\n<div class=\"w-100\">\n<h3>ESPACES<br>PUBLICS<\/h3>\n<p>Nous cr\u00e9ons des espaces publics dynamiques qui t\u00e9moignent de notre int\u00e9r\u00eat pour la programmation urbaine, les loisirs, les arts et la culture.<\/p>\n<\/div>\n<\/div>\n<\/div>\n<\/div>\n\n\n\n<div class=\"col col-12 col-md-6\">\n<div class=\"row\">\n<div class=\"col col-11 col-sm-6\">\n<figure class=\"wp-block-image size-full\"><img loading=\"lazy\" decoding=\"async\" width=\"597\" height=\"900\" src=\"http:\/\/smartliving.joeyai.cloud\/wp-content\/uploads\/2022\/04\/girl-in-subway-2021-09-03-11-30-25-utc.jpg\" alt=\"\" class=\"wp-image-154\" srcset=\"http:\/\/smartliving.joeyai.cloud\/wp-content\/uploads\/2022\/04\/girl-in-subway-2021-09-03-11-30-25-utc.jpg 597w, http:\/\/smartliving.joeyai.cloud\/wp-content\/uploads\/2022\/04\/girl-in-subway-2021-09-03-11-30-25-utc-199x300.jpg 199w\" sizes=\"auto, (max-width: 597px) 100vw, 597px\" \/><\/figure>\n<\/div>\n\n\n\n<div class=\"col col-12 col-sm-6 d-flex align-items-end\">\n<div class=\"w-100\">\n<h3>RELI\u00c9ES AU R\u00c9SEAU DE TRANSPORT EN COMMUN<\/h3>\n<p class=\"dld\">Nos communaut\u00e9s sont construites \u00e0 proximit\u00e9 de carrefours de transport en commun pour faciliter le navettage et pr\u00e8s des acc\u00e8s autoroutiers.<\/p>\n<\/div>\n<\/div>\n<\/div>\n<\/div>\n<\/div>\n\n\n\n<div class=\"row about-box mt-md-4\">\n<div class=\"col col-12 col-md-6\">\n<div class=\"row\">\n<div class=\"col col-11 col-sm-6\">\n<figure class=\"wp-block-image size-full\"><img loading=\"lazy\" decoding=\"async\" width=\"597\" height=\"900\" src=\"http:\/\/smartliving.joeyai.cloud\/wp-content\/uploads\/2022\/04\/shutterstock_569434324.jpg\" alt=\"\" class=\"wp-image-169\" srcset=\"http:\/\/smartliving.joeyai.cloud\/wp-content\/uploads\/2022\/04\/shutterstock_569434324.jpg 597w, http:\/\/smartliving.joeyai.cloud\/wp-content\/uploads\/2022\/04\/shutterstock_569434324-199x300.jpg 199w\" sizes=\"auto, (max-width: 597px) 100vw, 597px\" \/><\/figure>\n<\/div>\n\n\n\n<div class=\"col col-12 col-sm-6 d-flex align-items-end\">\n<div class=\"w-100\">\n<h3>PARCS ET<br>SENTIERS<\/h3>\n<p>L\u2019am\u00e9nagement d\u2019espaces verts au sein de nos communaut\u00e9s fait partie int\u00e9grante de la vision ax\u00e9e sur les pi\u00e9tons, une vision qui c\u00e9l\u00e8bre et facilite l\u2019interaction avec la nature.<\/p>\n<\/div>\n<\/div>\n<\/div>\n<\/div>\n\n\n\n<div class=\"col col-12 col-md-6\">\n<div class=\"row\">\n<div class=\"col col-11 col-sm-6\">\n<figure class=\"wp-block-image size-full\"><img loading=\"lazy\" decoding=\"async\" width=\"597\" height=\"900\" src=\"http:\/\/smartliving.joeyai.cloud\/wp-content\/uploads\/2022\/04\/2292892-copy.jpg\" alt=\"\" class=\"wp-image-170\" srcset=\"http:\/\/smartliving.joeyai.cloud\/wp-content\/uploads\/2022\/04\/2292892-copy.jpg 597w, http:\/\/smartliving.joeyai.cloud\/wp-content\/uploads\/2022\/04\/2292892-copy-199x300.jpg 199w\" sizes=\"auto, (max-width: 597px) 100vw, 597px\" \/><\/figure>\n<\/div>\n\n\n\n<div class=\"col col-12 col-sm-6 d-flex align-items-end\">\n<div class=\"w-100\">\n<h3>AX\u00c9ES SUR<br>L\u2019URBAIN<\/h3>\n<p class=\"pb-0\">Les r\u00e9sidents profitent de la proximit\u00e9 des centres d\u2019emploi et d\u2019affaires, des carrefours de transport en commun, des \u00e9tablissements d\u2019enseignement sup\u00e9rieur et de toutes les exp\u00e9riences urbaines possibles.<\/p>\n<\/div>\n<\/div>\n<\/div>\n<\/div>\n<\/div>\n\n\n\n<div class=\"row mt-5 g-1 assets-class\">\n<div class=\"col apartment item col-md-6 col-12 col-lg-3 col-sm-6\">\n<h3 class=\"wp-block-heading\">APPARTEMENTS<\/h3>\n\n\n\n<p class=\"copy\">D\u00e9couvrez les appartements locatifs SmartLiving et b\u00e9n\u00e9ficiez de leurs avantages exceptionnels, sans engagement. Un design raffin\u00e9. Des installations dignes d\u2019une copropri\u00e9t\u00e9. Un nouveau type de location adapt\u00e9 \u00e0 la vie moderne.<\/p>\n<\/div>\n\n\n\n<div class=\"col condos item col-12 col-md-6 col-lg-3 col-sm-6\">\n<h3 class=\"wp-block-heading\">COPROPRI\u00c9T\u00c9S<\/h3>\n\n\n\n<p class=\"copy\">Nous innovons avec nos communaut\u00e9s de copropri\u00e9t\u00e9s judicieusement pens\u00e9es; des lieux con\u00e7us pour un mode de vie plus intelligent. Parfaitement \u00e9quilibr\u00e9es et ax\u00e9es sur les pi\u00e9tons, ces communaut\u00e9s allient commerces, culture, nature et loisirs. Le tout \u00e0 votre porte.<\/p>\n<\/div>\n\n\n\n<div class=\"col towns item col-12 col-md-6 col-lg-3 col-sm-6\">\n<h3 class=\"wp-block-heading\">QUARTIERS<\/h3>\n\n\n\n<p class=\"copy\">Combinant le confort des maisons unifamiliales et la commodit\u00e9 des r\u00e9sidences urbaines, les quartiers SmartLiving sont le reflet d\u2019un parfait \u00e9quilibre: ils offrent un mode de vie \u00e0 \u00e9chelle plus intime, tout en demeurant connect\u00e9s \u00e0 la trame urbaine, \u00e0 la vie de la communaut\u00e9 et au plein air.<\/p>\n<\/div>\n\n\n\n<div class=\"col seniors item col-12 col-md-6 col-lg-3 col-sm-6\">\n<h3 class=\"wp-block-heading\">A\u00ceN\u00c9S<\/h3>\n\n\n\n<p class=\"copy\">Si vous \u00eates \u00e0 la recherche d\u2019une r\u00e9sidence autonome dans une communaut\u00e9 vibrante et active, entour\u00e9 de vos pairs, SmartLiving a une solution qui vous ressemble. Nous construisons des r\u00e9sidences pour a\u00een\u00e9s tourn\u00e9es vers l\u2019avenir et offrant un style de vie agr\u00e9able, quel que soit votre \u00e2ge.<\/p>\n<\/div>\n<\/div>\n\n\n\n<h1 class=\"wp-block-heading\">30 ANS DE TRAVAIL<\/h1>\n\n\n\n<p class=\"mini-content\">SmartCentres a \u00e9t\u00e9 fond\u00e9e il y a plus de 30 ans, parce que nous avions la conviction que les Canadiens m\u00e9ritaient un acc\u00e8s facile \u00e0 des commerces de d\u00e9tail abordables. En r\u00e9pondant \u00e0 ces besoins, SmartCentres s\u2019est \u00e9tendue aux communaut\u00e9s de toutes les provinces du Canada.<\/p>\n\n\n\n<figure class=\"wp-block-image size-large mini-content\"><img loading=\"lazy\" decoding=\"async\" width=\"1024\" height=\"346\" src=\"http:\/\/smartliving.joeyai.cloud\/wp-content\/uploads\/2022\/04\/DSC07679-1024x346.jpg\" alt=\"\" class=\"wp-image-175\" srcset=\"http:\/\/smartliving.joeyai.cloud\/wp-content\/uploads\/2022\/04\/DSC07679-1024x346.jpg 1024w, http:\/\/smartliving.joeyai.cloud\/wp-content\/uploads\/2022\/04\/DSC07679-300x101.jpg 300w, http:\/\/smartliving.joeyai.cloud\/wp-content\/uploads\/2022\/04\/DSC07679-768x259.jpg 768w, http:\/\/smartliving.joeyai.cloud\/wp-content\/uploads\/2022\/04\/DSC07679-1536x519.jpg 1536w, http:\/\/smartliving.joeyai.cloud\/wp-content\/uploads\/2022\/04\/DSC07679.jpg 1599w\" sizes=\"auto, (max-width: 1024px) 100vw, 1024px\" \/><\/figure>\n\n\n\n<h1 class=\"wp-block-heading\">\u2026 \u00c0 CENTRES URBAINS.<\/h1>\n\n\n\n<p class=\"mini-content\">Aujourd\u2019hui, les Canadiens ont besoin de logements \u00e0 proximit\u00e9 des r\u00e9seaux de transport en commun et des commodit\u00e9s urbaines. SmartCentres s\u2019est donc adapt\u00e9e et SmartLiving est n\u00e9e pour combler ces besoins et red\u00e9finir les communaut\u00e9s canadiennes.<\/p>\n\n\n\n<p class=\"mini-content\">Comptant sur la vaste exp\u00e9rience de SmartCentres, SmartLiving tire parti de l\u2019expertise de sp\u00e9cialistes internes en am\u00e9nagement du territoire pour mener \u00e0 bien des initiatives r\u00e9sidentielles d\u2019un oc\u00e9an \u00e0 l\u2019autre. Nous planifions, concevons, construisons et g\u00e9rons maintenant des communaut\u00e9s holistiques ax\u00e9es sur les pi\u00e9tons, permettant aux Canadiens de vivre leur vie sans compromis.<br><br><a href=\"https:\/\/smartcentres.com\/fr\/\" data-type=\"URL\" target=\"_blank\" rel=\"noreferrer noopener\">Visiter SmartCentres<\/a><\/p>\n","protected":false},"excerpt":{"rendered":"<p>30 ANS DE TRAVAIL SmartCentres a \u00e9t\u00e9 fond\u00e9e il y a plus de 30 ans, parce que nous avions la conviction que les Canadiens m\u00e9ritaient un acc\u00e8s facile \u00e0 des commerces de d\u00e9tail abordables. En r\u00e9pondant \u00e0 ces besoins, SmartCentres s\u2019est \u00e9tendue aux communaut\u00e9s de toutes les provinces du Canada. \u2026 \u00c0 CENTRES URBAINS. Aujourd\u2019hui, [&hellip;]<\/p>\n","protected":false},"author":1,"featured_media":0,"parent":0,"menu_order":0,"comment_status":"closed","ping_status":"closed","template":"templates\/template-general.php","meta":{"footnotes":""},"class_list":["post-322","page","type-page","status-publish","hentry"],"_links":{"self":[{"href":"http:\/\/smartliving.joeyai.cloud\/fr\/wp-json\/wp\/v2\/pages\/322","targetHints":{"allow":["GET"]}}],"collection":[{"href":"http:\/\/smartliving.joeyai.cloud\/fr\/wp-json\/wp\/v2\/pages"}],"about":[{"href":"http:\/\/smartliving.joeyai.cloud\/fr\/wp-json\/wp\/v2\/types\/page"}],"author":[{"embeddable":true,"href":"http:\/\/smartliving.joeyai.cloud\/fr\/wp-json\/wp\/v2\/users\/1"}],"replies":[{"embeddable":true,"href":"http:\/\/smartliving.joeyai.cloud\/fr\/wp-json\/wp\/v2\/comments?post=322"}],"version-history":[{"count":11,"href":"http:\/\/smartliving.joeyai.cloud\/fr\/wp-json\/wp\/v2\/pages\/322\/revisions"}],"predecessor-version":[{"id":841,"href":"http:\/\/smartliving.joeyai.cloud\/fr\/wp-json\/wp\/v2\/pages\/322\/revisions\/841"}],"wp:attachment":[{"href":"http:\/\/smartliving.joeyai.cloud\/fr\/wp-json\/wp\/v2\/media?parent=322"}],"curies":[{"name":"wp","href":"https:\/\/api.w.org\/{rel}","templated":true}]}}